{"id":75,"date":"2023-06-28T00:39:37","date_gmt":"2023-06-27T22:39:37","guid":{"rendered":"http:\/\/excursionstenerife.com\/sitio\/producto\/vip-en-la-magica-gomera\/"},"modified":"2024-03-25T19:42:51","modified_gmt":"2024-03-25T19:42:51","slug":"vip-en-la-magica-gomera","status":"publish","type":"product","link":"https:\/\/excursionstenerife.com\/es\/producto\/vip-en-la-magica-gomera\/","title":{"rendered":"VIP en la Magica Gomera tour guiado en ingl\u00e9s"},"content":{"rendered":"<p>La excursi\u00f3n comienza con un viaje por el Oc\u00e9ano Atl\u00e1ntico entre las islas de Tenerife y La Gomera.<\/p>\n<p>Llegaremos a la Villa de San Sebasti\u00e1n, capital de la Isla colombina, donde visitaremos La Casa de Cristobal Col\u00f3n, descubridor de Am\u00e9rica y la Torre del Conde.<\/p>\n<p>Atravesaremos el Valle de Hermigua y visitaremos Agulo, reconocido como el pueblo m\u00e1s bonito de Espa\u00f1a seg\u00fan la revista \u201cThe Times\u201d, el Mirador de Abrante, con sus espectaculares vistas de la isla, y desde donde contemplaremos tambi\u00e9n Tenerife con su majestuoso Volc\u00e1n del Teide.<\/p>\n<p>Durante el almuerzo presenciar\u00e1s una demostraci\u00f3n del tradicional Silbo Gomero, Patrimonio Cultural Inmaterial de la Humanidad, por la UNESCO.<\/p>\n<p>Tambi\u00e9n visitaremos Laguna Grande, dentro del Parque Nacional de Garajonay, Reserva Natural de Laurisilva y declarado Patrimonio de la Humanidad por la UNESCO.<\/p>\n<p>Ver\u00e1s el lugar donde las antiguas brujas hac\u00edan sus aquelarres, y disfrutar\u00e1s la vegetaci\u00f3n alrededor. Adem\u00e1s visitaremos Roque de Agando, formaci\u00f3n impresionante de roca volc\u00e1nica.<\/p>\n<p><strong>Servicios Incluidos<\/strong><\/p>\n<ul>\n<li>Almuerzo<\/li>\n<li>Veh\u00edculo con Aire Acondicionado<\/li>\n<li>Pasaje en ferry ida y vuelta<\/li>\n<li>Gu\u00eda oficial autorizado por el Gobierno de Canarias<\/li>\n<li>Grupos peque\u00f1os<\/li>\n<li>Usuario actual<\/li>\n<\/ul>\n<p><strong>Servicio Opcional <\/strong>ASIENTO DELANTERO: Si deseas reservar en la primera fila de asientos, tu puedes pagar una cuota peque\u00f1a adicional de 10\u20ac por la primera fila, 5\u20ac por la segunda y 3\u20ac por la tercera fila.<\/p>\n<p>Puedes elegir un punto de recogida de los puntos disponibles o ir directamente al punto de encuentro en el tiempo especificado: Av. Juan Carlos I, 25, 38650 Los Cristianos, Santa Cruz de Tenerife, Espa\u00f1a. <a href=\"https:\/\/www.google.es\/maps\/place\/Av.+Juan+Carlos+I,+25,+38650+Los+Cristianos,+Santa+Cruz+de+Tenerife\/@28.0506252,-16.714841,17z\/data=!3m1!4b1!4m6!3m5!1s0xc6a982d8424c539:0x2f6ac1fd220ab9d7!8m2!3d28.0506205!4d-16.7122661!16s%2Fg%2F11cnd70lgz?hl=es&amp;entry=tts&amp;shorturl=1\">Ver en Google Maps<\/a><\/p>\n<p><strong>Inicio:<\/strong> 08:00<\/p>\n<p><strong>Final: <\/strong>La actividad termina en el punto inicial del punto de encuentro.<\/p>\n<p><strong>Detalles de la recogida<\/strong> Solamente recogemos en el sur de Tenerife. Por favor, selecciona la ubicaci\u00f3n m\u00e1s cercana a tu alojamiento. El tiempo y la ubicaci\u00f3n exactos para la recogida te ser\u00e1n proporcionados despu\u00e9s de reservar. Te informaremos a trav\u00e9s de un mensaje sobre la ubicaci\u00f3n exacta m\u00e1s cercana y la hora en la que conocer\u00e1s a nuestros gu\u00edas. Si no respondes a nuestro mensaje, asumiremos que has decidido ir al punto de recogida designado fuera del hotel Sol Arona Tenerife a las 08:00 a. m. Recuerda que es obligatorio traer tu pasaporte original o documento de identificaci\u00f3n para acceder al ferry.<\/p>\n<p><strong>Puntos de inter\u00e9s: <\/strong>Villa de San Sebasti\u00e1n \u2013 La Gomera Hermigua Valle Agulo \u2013 Admisi\u00f3n gratuita al Mirador de Abrante \u2013 Inclu\u00edda la entrada al Centro del Parque Nacional Garajonay \u2013 Incluye la entrada.<\/p>\n<p><strong>Additional Information:<\/strong> Recibir\u00e1s confirmaci\u00f3n al momento de hacer la reserva. No accesible para sillas de ruedas. Accesible para coches de beb\u00e9. Se permiten animales de servicio. Transporte p\u00fablico cercano. Los beb\u00e9s deben sentarse en el regazo de un adulto. Es obligatorio presentar pasaporte original o documento de identificaci\u00f3n con foto para abordar el ferry. No traer la documentaci\u00f3n correspondiente puede resultar en la denegaci\u00f3n de entrada al ferry, y el tour no podr\u00e1 ser cambiado ni reembolsado. La mayor\u00eda de los viajeros pueden participar en la experiencia. El tour o actividad tendr\u00e1 un m\u00e1ximo de 34 viajeros.<\/p>","protected":false},"excerpt":{"rendered":"<p>The excursion begins with a journey across the Atlantic Ocean between the islands of Tenerife and La Gomera. We will arrive at the Villa of San Sebasti\u00e1n, the capital of the Colombina Island, where we will visit the House of Christopher Columbus, the discoverer of America, and the Tower of the Count. We will traverse [&hellip;]<\/p>\n","protected":false},"featured_media":61,"comment_status":"open","ping_status":"closed","template":"","meta":{"_et_pb_use_builder":"","_et_pb_old_content":"","_et_gb_content_width":"","_joinchat":[]},"product_cat":[20],"product_tag":[],"class_list":{"0":"post-75","1":"product","2":"type-product","3":"status-publish","4":"has-post-thumbnail","6":"product_cat-home","8":"first","9":"instock","10":"virtual","11":"sold-individually","12":"purchasable","13":"product-type-turitop"},"_links":{"self":[{"href":"https:\/\/excursionstenerife.com\/es\/wp-json\/wp\/v2\/product\/75","targetHints":{"allow":["GET"]}}],"collection":[{"href":"https:\/\/excursionstenerife.com\/es\/wp-json\/wp\/v2\/product"}],"about":[{"href":"https:\/\/excursionstenerife.com\/es\/wp-json\/wp\/v2\/types\/product"}],"replies":[{"embeddable":true,"href":"https:\/\/excursionstenerife.com\/es\/wp-json\/wp\/v2\/comments?post=75"}],"wp:featuredmedia":[{"embeddable":true,"href":"https:\/\/excursionstenerife.com\/es\/wp-json\/wp\/v2\/media\/61"}],"wp:attachment":[{"href":"https:\/\/excursionstenerife.com\/es\/wp-json\/wp\/v2\/media?parent=75"}],"wp:term":[{"taxonomy":"product_cat","embeddable":true,"href":"https:\/\/excursionstenerife.com\/es\/wp-json\/wp\/v2\/product_cat?post=75"},{"taxonomy":"product_tag","embeddable":true,"href":"https:\/\/excursionstenerife.com\/es\/wp-json\/wp\/v2\/product_tag?post=75"}],"curies":[{"name":"wp","href":"https:\/\/api.w.org\/{rel}","templated":true}]}}