{"id":35,"date":"2024-02-29T10:29:10","date_gmt":"2024-02-29T10:29:10","guid":{"rendered":"http:\/\/excursionstenerife.com\/sitio\/?page_id=35"},"modified":"2024-03-18T21:50:59","modified_gmt":"2024-03-18T21:50:59","slug":"reembolso_devoluciones","status":"publish","type":"page","link":"https:\/\/excursionstenerife.com\/es\/reembolso_devoluciones\/","title":{"rendered":"T\u00e9rminos y Condiciones"},"content":{"rendered":"[et_pb_section admin_label=&#8221;section&#8221;]\n\t\t\t[et_pb_row admin_label=&#8221;row&#8221;]\n\t\t\t\t[et_pb_column type=&#8221;4_4&#8243;][et_pb_text admin_label=&#8221;Text&#8221;]\n<p>CONDICIONES DE USO<\/p>\n\n\n\n<p>Las presentes condiciones generales de uso del website regulan el acceso y la utilizaci\u00f3n del mismo, incluyendo los contenidos y los servicios puestos a disposici\u00f3n de los usuarios en y\/o a trav\u00e9s del website, bien por el website, bien por sus usuarios, bien por terceros. No obstante, el acceso y la utilizaci\u00f3n de ciertos contenidos y\/o servicios puede encontrarse sometido a determinadas condiciones espec\u00edficas.<\/p>\n\n\n\n<p>Modificaciones<\/p>\n\n\n\n<p>La empresa se reserva la facultad de modificar en cualquier momento las condiciones generales de uso del website. En todo caso, se recomienda que consulte peri\u00f3dicamente los presentes t\u00e9rminos de uso del website, ya que pueden ser modificados.<\/p>\n\n\n\n<p>Tenerife Tickets y Excursiones se reserva el derecho a realizar las modificaciones que considere oportunas, sin aviso previo, en el contenido de su sitio web. Tanto en lo referente a los contenidos del sitio web, como en las condiciones de uso del mismo, o en las condiciones generales de contrataci\u00f3n. Dichas modificaciones podr\u00e1n realizarse a trav\u00e9s de su sitio web por cualquier forma admisible en derecho y ser\u00e1n de obligado cumplimiento<\/p>\n\n\n\n<p>durante el tiempo en que se encuentren publicadas en el web y hasta que no sean modificadas v\u00e1lidamente por otras posteriores.<\/p>\n\n\n\n<p>Obligaciones del Usuario<\/p>\n\n\n\n<p>El usuario deber\u00e1 respetar en todo momento los t\u00e9rminos y condiciones establecidos en las presentes condiciones generales de uso del portal. De forma expresa, el usuario manifiesta que utilizar\u00e1 el portal de forma diligente y asumiendo cualquier responsabilidad que pudiera derivarse del incumplimiento de las normas. As\u00ed mismo, el usuario no podr\u00e1 utilizar el portal para transmitir, almacenar, divulgar promover o distribuir datos o contenidos que sean portadores de virus o cualquier otro c\u00f3digo inform\u00e1tico, archivos o programas dise\u00f1ados para interrumpir, destruir o perjudicar el funcionamiento de cualquier programa o equipo inform\u00e1tico o de telecomunicaciones.<\/p>\n\n\n\n<p>Responsabilidad del website<\/p>\n\n\n\n<p>El usuario conoce y acepta que el website no otorga ninguna garant\u00eda de cualquier naturaleza, ya sea expresa o impl\u00edcita, sobre los datos, contenidos, informaci\u00f3n y servicios que se incorporan y ofrecen desde el Portal.<\/p>\n\n\n\n<p>Exceptuando los casos que la Ley imponga expresamente lo contrario, y exclusivamente con la medida y extensi\u00f3n en que lo imponga, el website no garantiza ni asume responsabilidad alguna respecto a los posibles da\u00f1os y perjuicios causados por el uso y utilizaci\u00f3n de la informaci\u00f3n, datos y servicios del website.<\/p>\n\n\n\n<p>En todo caso, el Portal excluye cualquier responsabilidad por los da\u00f1os y perjuicios que puedan deberse a la informaci\u00f3n y\/o servicios prestados o suministrados por terceros diferentes de la Empresa. Toda responsabilidad ser\u00e1 del tercero ya sea proveedor o colaborador.<\/p>\n\n\n\n<p>Propiedad intelectual e industrial<\/p>\n\n\n\n<p>Todos los contenidos, marcas, logos, dibujos, documentaci\u00f3n, programas inform\u00e1ticos o cualquier otro elemento susceptible de protecci\u00f3n por la legislaci\u00f3n de propiedad intelectual o industrial, que sean accesibles en el portal corresponden exclusivamente a la empresa o a sus leg\u00edtimos titulares y quedan expresamente reservados todos los derechos sobre los mismos.<\/p>\n\n\n\n<p>En cualquier caso, el portal se reserva todos los derechos sobre los contenidos, informaci\u00f3n datos y servicios que ostente sobre los mismos. El portal no concede ninguna licencia o autorizaci\u00f3n de uso al usuario sobre sus<\/p>\n\n\n\n<p>contenidos, datos o servicios, distinta de la que expresamente se detalle en las presentes condiciones generales de uso del portal.<\/p>\n\n\n\n<p>Pol\u00edtica de reembolso \/ modificaci\u00f3n de reservas<\/p>\n\n\n\n<p>Las cancelaciones habr\u00e1n de realizarse con una antelaci\u00f3n m\u00ednima de 24 horas de la hora prevista de inicio del servicio contratado, pudiendo acarrear gastos de cancelaci\u00f3n. Tenerife Tickets y Excursiones le reembolsar\u00e1 la cantidad abonada, descontando los gastos de cancelaci\u00f3n si los hubiere, a trav\u00e9s del mismo m\u00e9todo de pago.<\/p>\n\n\n\n<p>El cliente podr\u00e1 modificar la fecha de su reserva, con una antelaci\u00f3n m\u00ednima de 24 horas de la hora prevista de inicio del servicio contratado, no pudiendo garantizar la existencia de plazas en la fecha elegida, por lo que se realizar\u00eda el reembolso de la cantidad abonada, descontando los gastos de cancelaci\u00f3n si los hubiere, a trav\u00e9s de mismo m\u00e9todo de pago.<\/p>\n\n\n\n<p>Legislaci\u00f3n aplicable, jurisdicci\u00f3n competente y notificaciones<\/p>\n\n\n\n<p>Las presentes condiciones se rigen y se interpretan de acuerdo con las Leyes de Espa\u00f1a. Para cualquier reclamaci\u00f3n ser\u00e1n competentes los juzgados y tribunales de (S\/C de Tenerife). Todas las notificaciones, requerimientos, peticiones y otras comunicaciones que el Usuario desee efectuar a la Empresa titular del Portal deber\u00e1n realizarse por escrito y se entender\u00e1 que han sido correctamente realizadas cuando hayan sido recibidas en la siguiente direcci\u00f3n Av. Noelia Afonso Cabrera, Edif. Altemar. Local 11-5-S. 38660, Playa de las Am\u00e9ricas, Arona.<\/p>\n[\/et_pb_text][\/et_pb_column]\n\t\t\t[\/et_pb_row]\n\t\t[\/et_pb_section]","protected":false},"excerpt":{"rendered":"<p>CONDICIONES DE USO Las presentes condiciones generales de uso del website regulan el acceso y la utilizaci\u00f3n del mismo, incluyendo los contenidos y los servicios puestos a disposici\u00f3n de los usuarios en y\/o a trav\u00e9s del website, bien por el website, bien por sus usuarios, bien por terceros. No obstante, el acceso y la utilizaci\u00f3n [&hellip;]<\/p>\n","protected":false},"author":1,"featured_media":0,"parent":0,"menu_order":0,"comment_status":"closed","ping_status":"closed","template":"","meta":{"_et_pb_use_builder":"on","_et_pb_old_content":"<!-- wp:paragraph -->\n<p>CONDICIONES DE USO<\/p>\n<!-- \/wp:paragraph -->\n\n<!-- wp:paragraph -->\n<p>Las presentes condiciones generales de uso del website regulan el acceso y la utilizaci\u00f3n del mismo, incluyendo los contenidos y los servicios puestos a disposici\u00f3n de los usuarios en y\/o a trav\u00e9s del website, bien por el website, bien por sus usuarios, bien por terceros. No obstante, el acceso y la utilizaci\u00f3n de ciertos contenidos y\/o servicios puede encontrarse sometido a determinadas condiciones espec\u00edficas.<\/p>\n<!-- \/wp:paragraph -->\n\n<!-- wp:paragraph -->\n<p>Modificaciones<\/p>\n<!-- \/wp:paragraph -->\n\n<!-- wp:paragraph -->\n<p>La empresa se reserva la facultad de modificar en cualquier momento las condiciones generales de uso del website. En todo caso, se recomienda que consulte peri\u00f3dicamente los presentes t\u00e9rminos de uso del website, ya que pueden ser modificados.<\/p>\n<!-- \/wp:paragraph -->\n\n<!-- wp:paragraph -->\n<p>Tenerife Tickets y Excursiones se reserva el derecho a realizar las modificaciones que considere oportunas, sin aviso previo, en el contenido de su sitio web. Tanto en lo referente a los contenidos del sitio web, como en las condiciones de uso del mismo, o en las condiciones generales de contrataci\u00f3n. Dichas modificaciones podr\u00e1n realizarse a trav\u00e9s de su sitio web por cualquier forma admisible en derecho y ser\u00e1n de obligado cumplimiento<\/p>\n<!-- \/wp:paragraph -->\n\n<!-- wp:paragraph -->\n<p>durante el tiempo en que se encuentren publicadas en el web y hasta que no sean modificadas v\u00e1lidamente por otras posteriores.<\/p>\n<!-- \/wp:paragraph -->\n\n<!-- wp:paragraph -->\n<p>Obligaciones del Usuario<\/p>\n<!-- \/wp:paragraph -->\n\n<!-- wp:paragraph -->\n<p>El usuario deber\u00e1 respetar en todo momento los t\u00e9rminos y condiciones establecidos en las presentes condiciones generales de uso del portal. De forma expresa, el usuario manifiesta que utilizar\u00e1 el portal de forma diligente y asumiendo cualquier responsabilidad que pudiera derivarse del incumplimiento de las normas. As\u00ed mismo, el usuario no podr\u00e1 utilizar el portal para transmitir, almacenar, divulgar promover o distribuir datos o contenidos que sean portadores de virus o cualquier otro c\u00f3digo inform\u00e1tico, archivos o programas dise\u00f1ados para interrumpir, destruir o perjudicar el funcionamiento de cualquier programa o equipo inform\u00e1tico o de telecomunicaciones.<\/p>\n<!-- \/wp:paragraph -->\n\n<!-- wp:paragraph -->\n<p>Responsabilidad del website<\/p>\n<!-- \/wp:paragraph -->\n\n<!-- wp:paragraph -->\n<p>El usuario conoce y acepta que el website no otorga ninguna garant\u00eda de cualquier naturaleza, ya sea expresa o impl\u00edcita, sobre los datos, contenidos, informaci\u00f3n y servicios que se incorporan y ofrecen desde el Portal.<\/p>\n<!-- \/wp:paragraph -->\n\n<!-- wp:paragraph -->\n<p>Exceptuando los casos que la Ley imponga expresamente lo contrario, y exclusivamente con la medida y extensi\u00f3n en que lo imponga, el website no garantiza ni asume responsabilidad alguna respecto a los posibles da\u00f1os y perjuicios causados por el uso y utilizaci\u00f3n de la informaci\u00f3n, datos y servicios del website.<\/p>\n<!-- \/wp:paragraph -->\n\n<!-- wp:paragraph -->\n<p>En todo caso, el Portal excluye cualquier responsabilidad por los da\u00f1os y perjuicios que puedan deberse a la informaci\u00f3n y\/o servicios prestados o suministrados por terceros diferentes de la Empresa. Toda responsabilidad ser\u00e1 del tercero ya sea proveedor o colaborador.<\/p>\n<!-- \/wp:paragraph -->\n\n<!-- wp:paragraph -->\n<p>Propiedad intelectual e industrial<\/p>\n<!-- \/wp:paragraph -->\n\n<!-- wp:paragraph -->\n<p>Todos los contenidos, marcas, logos, dibujos, documentaci\u00f3n, programas inform\u00e1ticos o cualquier otro elemento susceptible de protecci\u00f3n por la legislaci\u00f3n de propiedad intelectual o industrial, que sean accesibles en el portal corresponden exclusivamente a la empresa o a sus leg\u00edtimos titulares y quedan expresamente reservados todos los derechos sobre los mismos.<\/p>\n<!-- \/wp:paragraph -->\n\n<!-- wp:paragraph -->\n<p>En cualquier caso, el portal se reserva todos los derechos sobre los contenidos, informaci\u00f3n datos y servicios que ostente sobre los mismos. El portal no concede ninguna licencia o autorizaci\u00f3n de uso al usuario sobre sus<\/p>\n<!-- \/wp:paragraph -->\n\n<!-- wp:paragraph -->\n<p>contenidos, datos o servicios, distinta de la que expresamente se detalle en las presentes condiciones generales de uso del portal.<\/p>\n<!-- \/wp:paragraph -->\n\n<!-- wp:paragraph -->\n<p>Pol\u00edtica de reembolso \/ modificaci\u00f3n de reservas<\/p>\n<!-- \/wp:paragraph -->\n\n<!-- wp:paragraph -->\n<p>Las cancelaciones habr\u00e1n de realizarse con una antelaci\u00f3n m\u00ednima de 24 horas de la hora prevista de inicio del servicio contratado, pudiendo acarrear gastos de cancelaci\u00f3n. Tenerife Tickets y Excursiones le reembolsar\u00e1 la cantidad abonada, descontando los gastos de cancelaci\u00f3n si los hubiere, a trav\u00e9s del mismo m\u00e9todo de pago.<\/p>\n<!-- \/wp:paragraph -->\n\n<!-- wp:paragraph -->\n<p>El cliente podr\u00e1 modificar la fecha de su reserva, con una antelaci\u00f3n m\u00ednima de 24 horas de la hora prevista de inicio del servicio contratado, no pudiendo garantizar la existencia de plazas en la fecha elegida, por lo que se realizar\u00eda el reembolso de la cantidad abonada, descontando los gastos de cancelaci\u00f3n si los hubiere, a trav\u00e9s de mismo m\u00e9todo de pago.<\/p>\n<!-- \/wp:paragraph -->\n\n<!-- wp:paragraph -->\n<p>Legislaci\u00f3n aplicable, jurisdicci\u00f3n competente y notificaciones<\/p>\n<!-- \/wp:paragraph -->\n\n<!-- wp:paragraph -->\n<p>Las presentes condiciones se rigen y se interpretan de acuerdo con las Leyes de Espa\u00f1a. Para cualquier reclamaci\u00f3n ser\u00e1n competentes los juzgados y tribunales de (S\/C de Tenerife). Todas las notificaciones, requerimientos, peticiones y otras comunicaciones que el Usuario desee efectuar a la Empresa titular del Portal deber\u00e1n realizarse por escrito y se entender\u00e1 que han sido correctamente realizadas cuando hayan sido recibidas en la siguiente direcci\u00f3n Av. Noelia Afonso Cabrera, Edif. Altemar. Local 11-5-S. 38660, Playa de las Am\u00e9ricas, Arona.<\/p>\n<!-- \/wp:paragraph -->","_et_gb_content_width":"1080","_joinchat":[],"footnotes":""},"class_list":["post-35","page","type-page","status-publish","hentry"],"_links":{"self":[{"href":"https:\/\/excursionstenerife.com\/es\/wp-json\/wp\/v2\/pages\/35","targetHints":{"allow":["GET"]}}],"collection":[{"href":"https:\/\/excursionstenerife.com\/es\/wp-json\/wp\/v2\/pages"}],"about":[{"href":"https:\/\/excursionstenerife.com\/es\/wp-json\/wp\/v2\/types\/page"}],"author":[{"embeddable":true,"href":"https:\/\/excursionstenerife.com\/es\/wp-json\/wp\/v2\/users\/1"}],"replies":[{"embeddable":true,"href":"https:\/\/excursionstenerife.com\/es\/wp-json\/wp\/v2\/comments?post=35"}],"version-history":[{"count":2,"href":"https:\/\/excursionstenerife.com\/es\/wp-json\/wp\/v2\/pages\/35\/revisions"}],"predecessor-version":[{"id":312,"href":"https:\/\/excursionstenerife.com\/es\/wp-json\/wp\/v2\/pages\/35\/revisions\/312"}],"wp:attachment":[{"href":"https:\/\/excursionstenerife.com\/es\/wp-json\/wp\/v2\/media?parent=35"}],"curies":[{"name":"wp","href":"https:\/\/api.w.org\/{rel}","templated":true}]}}