{"id":303,"date":"2024-02-29T10:34:46","date_gmt":"2024-02-29T10:34:46","guid":{"rendered":"https:\/\/excursionstenerife.com\/sitio\/?page_id=303"},"modified":"2024-03-18T21:50:33","modified_gmt":"2024-03-18T21:50:33","slug":"aviso-legal-y-politica-de-privacidad","status":"publish","type":"page","link":"https:\/\/excursionstenerife.com\/es\/aviso-legal-y-politica-de-privacidad\/","title":{"rendered":"Aviso Legal y Pol\u00edtica de Privacidad"},"content":{"rendered":"[et_pb_section admin_label=&#8221;section&#8221;]\n\t\t\t[et_pb_row admin_label=&#8221;row&#8221;]\n\t\t\t\t[et_pb_column type=&#8221;4_4&#8243;][et_pb_text admin_label=&#8221;Text&#8221;]\n<h1 class=\"wp-block-heading\"> <\/h1>\n\n\n\n<h4 class=\"wp-block-heading\">DATOS DE LA EMPRESA<\/h4>\n\n\n\n<p>En cumplimiento de la Ley 34\/2002, de 11 de julio, de Servicios de la Sociedad de la Informaci\u00f3n y del Comercio Electr\u00f3nico (LSSI-CE), se informa que la empresa titular del sitio web http:\/\/www.laexcursion.com es Tenerife Tickets y<br>Excursiones, S.L., con CIF B-76581073 y domicilio social en Av. Noelia Afonso Cabrera, Edif. Altemar. Local 11-5-S. 38660, Playa de las Am\u00e9ricas, Arona, S\/C de Tenerife, Espa\u00f1a con n\u00famero de tel\u00e9fono 922 75 27 45 y correo electr\u00f3nico tenerifeticketsyexcursiones@gmail.com. Est\u00e1 inscrita en el Registro Mercantil de Santa Cruz de Tenerife, con el Tomo 3244, folio 91, Hoja 50650, libro 0, inscripci\u00f3n 2\u00aa y es titular de la Licencia de Agencia de Viajes n\u00famero I-AV-0002445.2.<\/p>\n\n\n\n<h4 class=\"wp-block-heading\">CONDICIONES DE USO<\/h4>\n\n\n\n<p>Las presentes condiciones generales de uso del website regulan el acceso y la utilizaci\u00f3n del mismo, incluyendo los contenidos y los servicios puestos a disposici\u00f3n de los usuarios en y\/o a trav\u00e9s del website, bien por el website, bien por sus usuarios, bien por terceros. No obstante, el acceso y la utilizaci\u00f3n de ciertos contenidos y\/o servicios puede encontrarse sometido a determinadas condiciones espec\u00edficas.<\/p>\n\n\n\n<h4 class=\"wp-block-heading\">MODIFICACIONES<\/h4>\n\n\n\n<p>La empresa se reserva la facultad de modificar en cualquier momento las condiciones generales de uso del website. En todo caso, se recomienda que consulte peri\u00f3dicamente los presentes t\u00e9rminos de uso del website, ya que pueden ser modificados. Tenerife Tickets y Excursiones se reserva el derecho a realizar las modificaciones que considere oportunas, sin aviso previo, en el contenido de su sitio web. Tanto en lo referente a los contenidos del sitio web, como en las condiciones de uso del mismo, o en las condiciones generales de contrataci\u00f3n. Dichas modificaciones podr\u00e1n realizarse a trav\u00e9s de su sitio web por cualquier forma admisible en derecho y ser\u00e1n de obligado cumplimiento durante el tiempo en que se encuentren publicadas en el web y hasta que no sean modificadas v\u00e1lidamente por otras posteriores.<\/p>\n\n\n\n<h4 class=\"wp-block-heading\">OBLIGACIONES DEL USUARIO<\/h4>\n\n\n\n<p>El usuario deber\u00e1 respetar en todo momento los t\u00e9rminos y condiciones establecidos en las presentes condiciones generales de uso del portal. De forma expresa, el usuario manifiesta que utilizar\u00e1 el portal de forma diligente y asumiendo cualquier responsabilidad que pudiera derivarse del incumplimiento de las normas. As\u00ed mismo, el usuario no podr\u00e1 utilizar el portal para transmitir, almacenar, divulgar promover o distribuir datos o contenidos que sean portadores de virus o cualquier otro c\u00f3digo inform\u00e1tico, archivos o programas dise\u00f1ados para interrumpir, destruir o perjudicar el funcionamiento de cualquier programa o equipo inform\u00e1tico o de telecomunicaciones.<\/p>\n\n\n\n<h4 class=\"wp-block-heading\">RESPONSABLE DEL WEBSITE<\/h4>\n\n\n\n<p>El usuario conoce y acepta que el website no otorga ninguna garant\u00eda de cualquier naturaleza, ya sea expresa o impl\u00edcita, sobre los datos, contenidos, informaci\u00f3n y servicios que se incorporan y ofrecen desde el Portal. Exceptuando los casos que la Ley imponga expresamente lo contrario, y exclusivamente con la medida y extensi\u00f3n en que lo imponga, el website no garantiza ni asume responsabilidad alguna respecto a los posibles da\u00f1os y perjuicios causados por el uso y utilizaci\u00f3n de la informaci\u00f3n, datos y servicios del website.<br>En todo caso, el Portal excluye cualquier responsabilidad por los da\u00f1os y perjuicios que puedan deberse a la informaci\u00f3n y\/o servicios prestados o suministrados por terceros diferentes de la Empresa. Toda responsabilidad ser\u00e1 del tercero ya sea proveedor o colaborador.<\/p>\n\n\n\n<h4 class=\"wp-block-heading\">PROPIEDAD INDUSTRIAL E INTELECTUAL<\/h4>\n\n\n\n<p>Todos los contenidos, marcas, logos, dibujos, documentaci\u00f3n, programas inform\u00e1ticos o cualquier otro elemento susceptible de protecci\u00f3n por la legislaci\u00f3n de propiedad intelectual o industrial, que sean accesibles en el portal corresponden exclusivamente a la empresa o a sus leg\u00edtimos titulares y quedan expresamente reservados todos los derechos sobre los mismos.<br>En cualquier caso, el portal se reserva todos los derechos sobre los contenidos, informaci\u00f3n datos y servicios que ostente sobre los mismos. El portal no concede ninguna licencia o autorizaci\u00f3n de uso al usuario sobre sus contenidos, datos o servicios, distinta de la que expresamente se detalle en las presentes condiciones generales de uso del portal.<br>Pol\u00edtica de reembolso \/ modificaci\u00f3n de reservas<br>Las cancelaciones habr\u00e1n de realizarse con una antelaci\u00f3n m\u00ednima de 24 horas de la hora prevista de inicio del servicio contratado, pudiendo acarrear gastos de cancelaci\u00f3n. Tenerife Tickets y Excursiones le reembolsar\u00e1 la cantidad abonada, descontando los gastos de cancelaci\u00f3n si los hubiere, a trav\u00e9s del mismo m\u00e9todo de pago.<br>El cliente podr\u00e1 modificar la fecha de su reserva, con una antelaci\u00f3n m\u00ednima de 24 horas de la hora prevista de inicio del servicio contratado, no pudiendo garantizar la existencia de plazas en la fecha elegida, por lo que se realizar\u00eda el<br>reembolso de la cantidad abonada, descontando los gastos de cancelaci\u00f3n si los hubiere, a trav\u00e9s de mismo m\u00e9todo de pago.<\/p>\n\n\n\n<h4 class=\"wp-block-heading\">LEGISLACI\u00d3N APLICABLE, JURISDICCI\u00d3N COMPETENTE Y NOTIFICACIONES<\/h4>\n\n\n\n<p>Las presentes condiciones se rigen y se interpretan de acuerdo con las Leyes de Espa\u00f1a. Para cualquier reclamaci\u00f3n ser\u00e1n competentes los juzgados y tribunales de (S\/C de Tenerife). Todas las notificaciones, requerimientos, peticiones y otras comunicaciones que el Usuario desee efectuar a la Empresa titular del Portal deber\u00e1n realizarse por escrito y se entender\u00e1 que han sido correctamente realizadas cuando hayan sido recibidas en la siguiente direcci\u00f3n Av. Noelia Afonso Cabrera, Edif. Altemar. Local 11-5-S. 38660, Playa de las Am\u00e9ricas, Arona.<\/p>\n\n\n\n<h4 class=\"wp-block-heading\">POL\u00cdTICA DE PRIVACIDAD Y PROTECCI\u00d3N DE DATOS<\/h4>\n\n\n\n<p>La presente Pol\u00edtica de Privacidad establece los t\u00e9rminos en que Tenerife Tickets y Excursiones usa y protege la informaci\u00f3n que es proporcionada por sus usuarios al momento de utilizar su sitio web.<br>Esta compa\u00f1\u00eda est\u00e1 comprometida con la seguridad de los datos de sus usuarios. Cuando le pedimos llenar los campos de informaci\u00f3n personal con la cual usted pueda ser identificado, lo hacemos asegurando que s\u00f3lo se emplear\u00e1 de acuerdo con los t\u00e9rminos de este documento.<\/p>\n\n\n\n<h4 class=\"wp-block-heading\">Informaci\u00f3n que es recogida<\/h4>\n\n\n\n<p>Nuestro sitio web podr\u00e1 recoger informaci\u00f3n personal por ejemplo: Nombre, informaci\u00f3n de contacto como su direcci\u00f3n de correo electr\u00f3nica e idioma que habla. As\u00ed mismo, cuando sea necesario podr\u00e1 ser requerida informaci\u00f3n espec\u00edfica para procesar un servicio contratado.<\/p>\n\n\n\n<h4 class=\"wp-block-heading\">Uso de la informaci\u00f3n recogida<\/h4>\n\n\n\n<p>Nuestro sitio web emplea la informaci\u00f3n con el fin de proporcionar el mejor servicio posible, particularmente para mantener un registro de usuarios, de pedidos en caso que aplique, y mejorar nuestros productos y servicios. Es posible que sean enviados correos electr\u00f3nicos peri\u00f3dicamente a trav\u00e9s de nuestro sitio con ofertas especiales, nuevos productos y otra informaci\u00f3n publicitaria que consideremos relevante para usted o que pueda brindarle alg\u00fan beneficio, estos correos electr\u00f3nicos ser\u00e1n enviados a la direcci\u00f3n que usted proporcione y podr\u00e1n ser cancelados en cualquier momento.<br>Tenerife Tickets y Excursiones est\u00e1 altamente comprometido para cumplir con el compromiso de mantener su informaci\u00f3n segura. Usamos los sistemas m\u00e1s avanzados y los actualizamos constantemente para asegurarnos que no exista ning\u00fan acceso no autorizado.<\/p>\n\n\n\n<h4 class=\"wp-block-heading\">Derecho de acceso, rectificaci\u00f3n, limitaci\u00f3n del tratamiento o eliminaci\u00f3n de sus datos.<\/h4>\n\n\n\n<p>De acuerdo con los derechos que le confiere la normativa vigente en protecci\u00f3n de datos podr\u00e1 ejercer los derechos de acceso, rectificaci\u00f3n, limitaci\u00f3n de tratamiento, supresi\u00f3n, portabilidad y oposici\u00f3n al tratamiento de sus datos de car\u00e1cter personal as\u00ed como del consentimiento prestado para el tratamiento de los mismos, dirigiendo su petici\u00f3n a la direcci\u00f3n postal indicada m\u00e1s arriba o al correo electr\u00f3nico: tenerifeticketsyexcursiones@gmail.com.<\/p>\n\n\n\n<h4 class=\"wp-block-heading\">COOKIES<\/h4>\n\n\n\n<p>Una cookie se refiere a un fichero que es enviado con la finalidad de solicitar permiso para almacenarse en su ordenador, al aceptar dicho fichero se crea y la cookie sirve entonces para tener informaci\u00f3n respecto al tr\u00e1fico web,<br>tambi\u00e9n facilita las futuras visitas a una web recurrente. Otra funci\u00f3n que tienen las cookies es que con ellas las web pueden reconocerte individualmente y por tanto brindarte el mejor servicio personalizado de su web.<br>Nuestro sitio web emplea las cookies para an\u00e1lisis estad\u00edstico y despu\u00e9s la informaci\u00f3n se elimina de forma permanente. Usted puede eliminar las cookies en cualquier momento desde su ordenador. Sin embargo las cookies<br>ayudan a proporcionar un mejor servicio de los sitios web, no dando acceso a informaci\u00f3n de su ordenador ni de usted, a menos de que usted as\u00ed lo quiera y la proporcione directamente. Usted puede aceptar o negar el uso de cookies, sin embargo la mayor\u00eda de navegadores aceptan cookies autom\u00e1ticamente pues sirve para tener un mejor servicio web. Tambi\u00e9n usted puede cambiar la configuraci\u00f3n de su ordenador para declinar las cookies. Si se declinan es posible que no pueda utilizar algunos de nuestros servicios.<\/p>\n\n\n\n<p>Tenerife Tickets y Excursiones se reserva el derecho de cambiar los t\u00e9rminos de la presente Pol\u00edtica de Privacidad en cualquier momento.<\/p>\n\n\n\n<p>Actualizaci\u00f3n de este documento: 1 de noviembre de 2021<\/p>\n[\/et_pb_text][\/et_pb_column]\n\t\t\t[\/et_pb_row]\n\t\t[\/et_pb_section]","protected":false},"excerpt":{"rendered":"<p>DATOS DE LA EMPRESA En cumplimiento de la Ley 34\/2002, de 11 de julio, de Servicios de la Sociedad de la Informaci\u00f3n y del Comercio Electr\u00f3nico (LSSI-CE), se informa que la empresa titular del sitio web http:\/\/www.laexcursion.com es Tenerife Tickets yExcursiones, S.L., con CIF B-76581073 y domicilio social en Av. Noelia Afonso Cabrera, Edif. Altemar. [&hellip;]<\/p>\n","protected":false},"author":1,"featured_media":0,"parent":0,"menu_order":0,"comment_status":"closed","ping_status":"closed","template":"","meta":{"_et_pb_use_builder":"on","_et_pb_old_content":"<!-- wp:heading {\"level\":1} -->\n<h1 class=\"wp-block-heading\"> <\/h1>\n<!-- \/wp:heading -->\n\n<!-- wp:heading {\"level\":4} -->\n<h4 class=\"wp-block-heading\">DATOS DE LA EMPRESA<\/h4>\n<!-- \/wp:heading -->\n\n<!-- wp:paragraph -->\n<p>En cumplimiento de la Ley 34\/2002, de 11 de julio, de Servicios de la Sociedad de la Informaci\u00f3n y del Comercio Electr\u00f3nico (LSSI-CE), se informa que la empresa titular del sitio web http:\/\/www.laexcursion.com es Tenerife Tickets y<br>Excursiones, S.L., con CIF B-76581073 y domicilio social en Av. Noelia Afonso Cabrera, Edif. Altemar. Local 11-5-S. 38660, Playa de las Am\u00e9ricas, Arona, S\/C de Tenerife, Espa\u00f1a con n\u00famero de tel\u00e9fono 922 75 27 45 y correo electr\u00f3nico tenerifeticketsyexcursiones@gmail.com. Est\u00e1 inscrita en el Registro Mercantil de Santa Cruz de Tenerife, con el Tomo 3244, folio 91, Hoja 50650, libro 0, inscripci\u00f3n 2\u00aa y es titular de la Licencia de Agencia de Viajes n\u00famero I-AV-0002445.2.<\/p>\n<!-- \/wp:paragraph -->\n\n<!-- wp:heading {\"level\":4} -->\n<h4 class=\"wp-block-heading\">CONDICIONES DE USO<\/h4>\n<!-- \/wp:heading -->\n\n<!-- wp:paragraph -->\n<p>Las presentes condiciones generales de uso del website regulan el acceso y la utilizaci\u00f3n del mismo, incluyendo los contenidos y los servicios puestos a disposici\u00f3n de los usuarios en y\/o a trav\u00e9s del website, bien por el website, bien por sus usuarios, bien por terceros. No obstante, el acceso y la utilizaci\u00f3n de ciertos contenidos y\/o servicios puede encontrarse sometido a determinadas condiciones espec\u00edficas.<\/p>\n<!-- \/wp:paragraph -->\n\n<!-- wp:heading {\"level\":4} -->\n<h4 class=\"wp-block-heading\">MODIFICACIONES<\/h4>\n<!-- \/wp:heading -->\n\n<!-- wp:paragraph -->\n<p>La empresa se reserva la facultad de modificar en cualquier momento las condiciones generales de uso del website. En todo caso, se recomienda que consulte peri\u00f3dicamente los presentes t\u00e9rminos de uso del website, ya que pueden ser modificados. Tenerife Tickets y Excursiones se reserva el derecho a realizar las modificaciones que considere oportunas, sin aviso previo, en el contenido de su sitio web. Tanto en lo referente a los contenidos del sitio web, como en las condiciones de uso del mismo, o en las condiciones generales de contrataci\u00f3n. Dichas modificaciones podr\u00e1n realizarse a trav\u00e9s de su sitio web por cualquier forma admisible en derecho y ser\u00e1n de obligado cumplimiento durante el tiempo en que se encuentren publicadas en el web y hasta que no sean modificadas v\u00e1lidamente por otras posteriores.<\/p>\n<!-- \/wp:paragraph -->\n\n<!-- wp:heading {\"level\":4} -->\n<h4 class=\"wp-block-heading\">OBLIGACIONES DEL USUARIO<\/h4>\n<!-- \/wp:heading -->\n\n<!-- wp:paragraph -->\n<p>El usuario deber\u00e1 respetar en todo momento los t\u00e9rminos y condiciones establecidos en las presentes condiciones generales de uso del portal. De forma expresa, el usuario manifiesta que utilizar\u00e1 el portal de forma diligente y asumiendo cualquier responsabilidad que pudiera derivarse del incumplimiento de las normas. As\u00ed mismo, el usuario no podr\u00e1 utilizar el portal para transmitir, almacenar, divulgar promover o distribuir datos o contenidos que sean portadores de virus o cualquier otro c\u00f3digo inform\u00e1tico, archivos o programas dise\u00f1ados para interrumpir, destruir o perjudicar el funcionamiento de cualquier programa o equipo inform\u00e1tico o de telecomunicaciones.<\/p>\n<!-- \/wp:paragraph -->\n\n<!-- wp:heading {\"level\":4} -->\n<h4 class=\"wp-block-heading\">RESPONSABLE DEL WEBSITE<\/h4>\n<!-- \/wp:heading -->\n\n<!-- wp:paragraph -->\n<p>El usuario conoce y acepta que el website no otorga ninguna garant\u00eda de cualquier naturaleza, ya sea expresa o impl\u00edcita, sobre los datos, contenidos, informaci\u00f3n y servicios que se incorporan y ofrecen desde el Portal. Exceptuando los casos que la Ley imponga expresamente lo contrario, y exclusivamente con la medida y extensi\u00f3n en que lo imponga, el website no garantiza ni asume responsabilidad alguna respecto a los posibles da\u00f1os y perjuicios causados por el uso y utilizaci\u00f3n de la informaci\u00f3n, datos y servicios del website.<br>En todo caso, el Portal excluye cualquier responsabilidad por los da\u00f1os y perjuicios que puedan deberse a la informaci\u00f3n y\/o servicios prestados o suministrados por terceros diferentes de la Empresa. Toda responsabilidad ser\u00e1 del tercero ya sea proveedor o colaborador.<\/p>\n<!-- \/wp:paragraph -->\n\n<!-- wp:heading {\"level\":4} -->\n<h4 class=\"wp-block-heading\">PROPIEDAD INDUSTRIAL E INTELECTUAL<\/h4>\n<!-- \/wp:heading -->\n\n<!-- wp:paragraph -->\n<p>Todos los contenidos, marcas, logos, dibujos, documentaci\u00f3n, programas inform\u00e1ticos o cualquier otro elemento susceptible de protecci\u00f3n por la legislaci\u00f3n de propiedad intelectual o industrial, que sean accesibles en el portal corresponden exclusivamente a la empresa o a sus leg\u00edtimos titulares y quedan expresamente reservados todos los derechos sobre los mismos.<br>En cualquier caso, el portal se reserva todos los derechos sobre los contenidos, informaci\u00f3n datos y servicios que ostente sobre los mismos. El portal no concede ninguna licencia o autorizaci\u00f3n de uso al usuario sobre sus contenidos, datos o servicios, distinta de la que expresamente se detalle en las presentes condiciones generales de uso del portal.<br>Pol\u00edtica de reembolso \/ modificaci\u00f3n de reservas<br>Las cancelaciones habr\u00e1n de realizarse con una antelaci\u00f3n m\u00ednima de 24 horas de la hora prevista de inicio del servicio contratado, pudiendo acarrear gastos de cancelaci\u00f3n. Tenerife Tickets y Excursiones le reembolsar\u00e1 la cantidad abonada, descontando los gastos de cancelaci\u00f3n si los hubiere, a trav\u00e9s del mismo m\u00e9todo de pago.<br>El cliente podr\u00e1 modificar la fecha de su reserva, con una antelaci\u00f3n m\u00ednima de 24 horas de la hora prevista de inicio del servicio contratado, no pudiendo garantizar la existencia de plazas en la fecha elegida, por lo que se realizar\u00eda el<br>reembolso de la cantidad abonada, descontando los gastos de cancelaci\u00f3n si los hubiere, a trav\u00e9s de mismo m\u00e9todo de pago.<\/p>\n<!-- \/wp:paragraph -->\n\n<!-- wp:heading {\"level\":4} -->\n<h4 class=\"wp-block-heading\">LEGISLACI\u00d3N APLICABLE, JURISDICCI\u00d3N COMPETENTE Y NOTIFICACIONES<\/h4>\n<!-- \/wp:heading -->\n\n<!-- wp:paragraph -->\n<p>Las presentes condiciones se rigen y se interpretan de acuerdo con las Leyes de Espa\u00f1a. Para cualquier reclamaci\u00f3n ser\u00e1n competentes los juzgados y tribunales de (S\/C de Tenerife). Todas las notificaciones, requerimientos, peticiones y otras comunicaciones que el Usuario desee efectuar a la Empresa titular del Portal deber\u00e1n realizarse por escrito y se entender\u00e1 que han sido correctamente realizadas cuando hayan sido recibidas en la siguiente direcci\u00f3n Av. Noelia Afonso Cabrera, Edif. Altemar. Local 11-5-S. 38660, Playa de las Am\u00e9ricas, Arona.<\/p>\n<!-- \/wp:paragraph -->\n\n<!-- wp:heading {\"level\":4} -->\n<h4 class=\"wp-block-heading\">POL\u00cdTICA DE PRIVACIDAD Y PROTECCI\u00d3N DE DATOS<\/h4>\n<!-- \/wp:heading -->\n\n<!-- wp:paragraph -->\n<p>La presente Pol\u00edtica de Privacidad establece los t\u00e9rminos en que Tenerife Tickets y Excursiones usa y protege la informaci\u00f3n que es proporcionada por sus usuarios al momento de utilizar su sitio web.<br>Esta compa\u00f1\u00eda est\u00e1 comprometida con la seguridad de los datos de sus usuarios. Cuando le pedimos llenar los campos de informaci\u00f3n personal con la cual usted pueda ser identificado, lo hacemos asegurando que s\u00f3lo se emplear\u00e1 de acuerdo con los t\u00e9rminos de este documento.<\/p>\n<!-- \/wp:paragraph -->\n\n<!-- wp:heading {\"level\":4} -->\n<h4 class=\"wp-block-heading\">Informaci\u00f3n que es recogida<\/h4>\n<!-- \/wp:heading -->\n\n<!-- wp:paragraph -->\n<p>Nuestro sitio web podr\u00e1 recoger informaci\u00f3n personal por ejemplo: Nombre, informaci\u00f3n de contacto como su direcci\u00f3n de correo electr\u00f3nica e idioma que habla. As\u00ed mismo, cuando sea necesario podr\u00e1 ser requerida informaci\u00f3n espec\u00edfica para procesar un servicio contratado.<\/p>\n<!-- \/wp:paragraph -->\n\n<!-- wp:heading {\"level\":4} -->\n<h4 class=\"wp-block-heading\">Uso de la informaci\u00f3n recogida<\/h4>\n<!-- \/wp:heading -->\n\n<!-- wp:paragraph -->\n<p>Nuestro sitio web emplea la informaci\u00f3n con el fin de proporcionar el mejor servicio posible, particularmente para mantener un registro de usuarios, de pedidos en caso que aplique, y mejorar nuestros productos y servicios. Es posible que sean enviados correos electr\u00f3nicos peri\u00f3dicamente a trav\u00e9s de nuestro sitio con ofertas especiales, nuevos productos y otra informaci\u00f3n publicitaria que consideremos relevante para usted o que pueda brindarle alg\u00fan beneficio, estos correos electr\u00f3nicos ser\u00e1n enviados a la direcci\u00f3n que usted proporcione y podr\u00e1n ser cancelados en cualquier momento.<br>Tenerife Tickets y Excursiones est\u00e1 altamente comprometido para cumplir con el compromiso de mantener su informaci\u00f3n segura. Usamos los sistemas m\u00e1s avanzados y los actualizamos constantemente para asegurarnos que no exista ning\u00fan acceso no autorizado.<\/p>\n<!-- \/wp:paragraph -->\n\n<!-- wp:heading {\"level\":4} -->\n<h4 class=\"wp-block-heading\">Derecho de acceso, rectificaci\u00f3n, limitaci\u00f3n del tratamiento o eliminaci\u00f3n de sus datos.<\/h4>\n<!-- \/wp:heading -->\n\n<!-- wp:paragraph -->\n<p>De acuerdo con los derechos que le confiere la normativa vigente en protecci\u00f3n de datos podr\u00e1 ejercer los derechos de acceso, rectificaci\u00f3n, limitaci\u00f3n de tratamiento, supresi\u00f3n, portabilidad y oposici\u00f3n al tratamiento de sus datos de car\u00e1cter personal as\u00ed como del consentimiento prestado para el tratamiento de los mismos, dirigiendo su petici\u00f3n a la direcci\u00f3n postal indicada m\u00e1s arriba o al correo electr\u00f3nico: tenerifeticketsyexcursiones@gmail.com.<\/p>\n<!-- \/wp:paragraph -->\n\n<!-- wp:heading {\"level\":4} -->\n<h4 class=\"wp-block-heading\">COOKIES<\/h4>\n<!-- \/wp:heading -->\n\n<!-- wp:paragraph -->\n<p>Una cookie se refiere a un fichero que es enviado con la finalidad de solicitar permiso para almacenarse en su ordenador, al aceptar dicho fichero se crea y la cookie sirve entonces para tener informaci\u00f3n respecto al tr\u00e1fico web,<br>tambi\u00e9n facilita las futuras visitas a una web recurrente. Otra funci\u00f3n que tienen las cookies es que con ellas las web pueden reconocerte individualmente y por tanto brindarte el mejor servicio personalizado de su web.<br>Nuestro sitio web emplea las cookies para an\u00e1lisis estad\u00edstico y despu\u00e9s la informaci\u00f3n se elimina de forma permanente. Usted puede eliminar las cookies en cualquier momento desde su ordenador. Sin embargo las cookies<br>ayudan a proporcionar un mejor servicio de los sitios web, no dando acceso a informaci\u00f3n de su ordenador ni de usted, a menos de que usted as\u00ed lo quiera y la proporcione directamente. Usted puede aceptar o negar el uso de cookies, sin embargo la mayor\u00eda de navegadores aceptan cookies autom\u00e1ticamente pues sirve para tener un mejor servicio web. Tambi\u00e9n usted puede cambiar la configuraci\u00f3n de su ordenador para declinar las cookies. Si se declinan es posible que no pueda utilizar algunos de nuestros servicios.<\/p>\n<!-- \/wp:paragraph -->\n\n<!-- wp:paragraph -->\n<p>Tenerife Tickets y Excursiones se reserva el derecho de cambiar los t\u00e9rminos de la presente Pol\u00edtica de Privacidad en cualquier momento.<\/p>\n<!-- \/wp:paragraph -->\n\n<!-- wp:paragraph -->\n<p>Actualizaci\u00f3n de este documento: 1 de noviembre de 2021<\/p>\n<!-- \/wp:paragraph -->","_et_gb_content_width":"1080","_joinchat":[],"footnotes":""},"class_list":["post-303","page","type-page","status-publish","hentry"],"_links":{"self":[{"href":"https:\/\/excursionstenerife.com\/es\/wp-json\/wp\/v2\/pages\/303","targetHints":{"allow":["GET"]}}],"collection":[{"href":"https:\/\/excursionstenerife.com\/es\/wp-json\/wp\/v2\/pages"}],"about":[{"href":"https:\/\/excursionstenerife.com\/es\/wp-json\/wp\/v2\/types\/page"}],"author":[{"embeddable":true,"href":"https:\/\/excursionstenerife.com\/es\/wp-json\/wp\/v2\/users\/1"}],"replies":[{"embeddable":true,"href":"https:\/\/excursionstenerife.com\/es\/wp-json\/wp\/v2\/comments?post=303"}],"version-history":[{"count":2,"href":"https:\/\/excursionstenerife.com\/es\/wp-json\/wp\/v2\/pages\/303\/revisions"}],"predecessor-version":[{"id":310,"href":"https:\/\/excursionstenerife.com\/es\/wp-json\/wp\/v2\/pages\/303\/revisions\/310"}],"wp:attachment":[{"href":"https:\/\/excursionstenerife.com\/es\/wp-json\/wp\/v2\/media?parent=303"}],"curies":[{"name":"wp","href":"https:\/\/api.w.org\/{rel}","templated":true}]}}